{"id":579,"date":"2013-10-22T08:19:21","date_gmt":"2013-10-22T07:19:21","guid":{"rendered":"http:\/\/konup.nastole.cz\/wp\/?page_id=579"},"modified":"2013-12-02T23:17:26","modified_gmt":"2013-12-02T22:17:26","slug":"preplavba-atlantiku-2013","status":"publish","type":"page","link":"https:\/\/konup.nastole.cz\/wp\/?page_id=579","title":{"rendered":"P\u0159eplavba Atlantiku 2013"},"content":{"rendered":"<table>\n<tr>\n<td>\n<a href=\"http:\/\/konup.nastole.cz\/wp\/wp-content\/uploads\/2013\/10\/atlantik_preplavba.jpg\"><img decoding=\"async\" loading=\"lazy\" src=\"http:\/\/konup.nastole.cz\/wp\/wp-content\/uploads\/2013\/10\/atlantik_preplavba-300x242.jpg\" alt=\"atlantik_preplavba\" width=\"300\" height=\"242\" class=\"alignnone size-medium wp-image-567\" srcset=\"https:\/\/konup.nastole.cz\/wp\/wp-content\/uploads\/2013\/10\/atlantik_preplavba-300x242.jpg 300w, https:\/\/konup.nastole.cz\/wp\/wp-content\/uploads\/2013\/10\/atlantik_preplavba-1024x826.jpg 1024w\" sizes=\"(max-width: 300px) 100vw, 300px\" \/><\/a>\n<\/td>\n<td>\n<b><font color=\"ffffff\">P\u0159edb\u011b\u017en\u00fd pl\u00e1n:<\/font><\/b><\/p>\n<table border=\"1\" cellpadding=0 cellspacing=0>\n<tr>\n<td>&nbsp;26.10<\/td>\n<td>&nbsp;Bormes (Toulon)<\/td>\n<\/tr>\n<tr>\n<td>&nbsp;30.10<\/td>\n<td>&nbsp;Malorca<\/td>\n<\/tr>\n<tr>\n<td>&nbsp;03.11<\/td>\n<td>&nbsp;Gibraltar<\/td>\n<\/tr>\n<tr>\n<td>&nbsp;09.11<\/td>\n<td>&nbsp;Madeira<\/td>\n<\/tr>\n<tr>\n<td>&nbsp;13.11<\/td>\n<td>&nbsp;Kan\u00e1ry<\/td>\n<\/tr>\n<tr>\n<td>&nbsp;19.11<\/td>\n<td>&nbsp;Kapverdy<\/td>\n<\/tr>\n<tr>\n<td>&nbsp;07.12<\/td>\n<td>&nbsp;Saint Martin<\/td>\n<\/tr>\n<\/table>\n<p>vzd\u00e1lenost: cca 5000 Nm\n<\/td>\n<\/tr>\n<\/table>\n<table>\n<tr>\n<td>\njm\u00e9no lodi: <b><font color=\"00aaff\">Sains Frontieres<\/font><\/b><br \/>\ntyp lodi: <a target=\"_new\" href=\"http:\/\/anciensbateaux.jeanneau.fr\/2007\/index.cfm?r=yacht&#038;p=boat&#038;n=338&#038;cas=photo\">Jeanneau Sun Odyssey 49i<\/a><br \/>\nmodel: 49i \/ 2008 <a target=\"_new\" href=\"http:\/\/www.killikus-yachtcharter.de\/yachten\/49717017-Sun-Odyssey-49i-Sans-Frontieres.html\">.<\/a>\n<\/td>\n<td width=\"90\"><\/td>\n<td>\nPos\u00e1dka:<br \/>\nI \u010d\u00e1st: Fe\u010fa, Konup, Kra\u0165as, \u0160t\u011btin\u00e1\u010d, Radek<br \/>\nII \u010d\u00e1st: Fe\u010fa, Konup, Radek, Sobino, Kuli\u0161\n<\/td>\n<\/tr>\n<\/table>\n<table>\n<tr>\n<td>\n<p><a href=\"http:\/\/konup.nastole.cz\/wp\/wp-content\/uploads\/2013\/10\/SansFrontieres.jpg\"><img decoding=\"async\" loading=\"lazy\" src=\"http:\/\/konup.nastole.cz\/wp\/wp-content\/uploads\/2013\/10\/SansFrontieres-300x199.jpg\" alt=\"SansFrontieres\" width=\"300\" height=\"199\" class=\"alignnone size-medium wp-image-585\" srcset=\"https:\/\/konup.nastole.cz\/wp\/wp-content\/uploads\/2013\/10\/SansFrontieres-300x199.jpg 300w, https:\/\/konup.nastole.cz\/wp\/wp-content\/uploads\/2013\/10\/SansFrontieres.jpg 500w\" sizes=\"(max-width: 300px) 100vw, 300px\" \/><\/a><\/td>\n<td align=\"center\">\npr\u016fb\u011b\u017en\u00e9 p\u0159\u00edsp\u011bvky z cesty<br \/>\nse pokus\u00edm ps\u00e1t do rubriky<br \/>\n<a href=\"http:\/\/konup.nastole.cz\/wp\/?cat=48\">Atlantik 2013<\/a><br \/>\nale nechci nic slibovat,<br \/>\nzast\u00e1vek se sign\u00e1lem pro update<br \/>\ntentokr\u00e1t po cest\u011b moc nebude<br \/>\n<br \/>\nOdkaz na <a href=\"http:\/\/foto.nastole.cz\/g3\/index.php\/Jachting\/P-eplavba-Atlantiku\" title=\"foto\" target=\"_new\">Fotogalerii<\/a> je opet vpravo &#8212;><br \/>\n<br \/>\nNase <a href=\"http:\/\/share.findmespot.com\/shared\/faces\/viewspots.jsp?glId=0jiMcMtq2pOu6qbn0PUULpugIxqfNjgTp\" title=\"pozice\" target=\"_new\">aktualni online pozice<\/a>\n<\/td>\n<\/tr>\n<\/table>\n<p>&nbsp;<br \/>\n&nbsp;<br \/>\n&nbsp;<\/p>\n<hr>\n","protected":false},"excerpt":{"rendered":"<p>P\u0159edb\u011b\u017en\u00fd pl\u00e1n: &nbsp;26.10 &nbsp;Bormes (Toulon) &nbsp;30.10 &nbsp;Malorca &nbsp;03.11 &nbsp;Gibraltar &nbsp;09.11 &nbsp;Madeira &nbsp;13.11 &nbsp;Kan\u00e1ry &nbsp;19.11 &nbsp;Kapverdy &nbsp;07.12 &nbsp;Saint Martin vzd\u00e1lenost: cca 5000 Nm jm\u00e9no lodi: Sains Frontieres typ lodi: Jeanneau Sun Odyssey 49i model: 49i \/ 2008 . Pos\u00e1dka: I \u010d\u00e1st: Fe\u010fa, Konup, Kra\u0165as, \u0160t\u011btin\u00e1\u010d, Radek II \u010d\u00e1st: Fe\u010fa, Konup, Radek, Sobino, Kuli\u0161 pr\u016fb\u011b\u017en\u00e9 p\u0159\u00edsp\u011bvky z [&hellip;]<\/p>\n","protected":false},"author":2,"featured_media":0,"parent":0,"menu_order":0,"comment_status":"open","ping_status":"closed","template":"","meta":{"footnotes":""},"_links":{"self":[{"href":"https:\/\/konup.nastole.cz\/wp\/index.php?rest_route=\/wp\/v2\/pages\/579"}],"collection":[{"href":"https:\/\/konup.nastole.cz\/wp\/index.php?rest_route=\/wp\/v2\/pages"}],"about":[{"href":"https:\/\/konup.nastole.cz\/wp\/index.php?rest_route=\/wp\/v2\/types\/page"}],"author":[{"embeddable":true,"href":"https:\/\/konup.nastole.cz\/wp\/index.php?rest_route=\/wp\/v2\/users\/2"}],"replies":[{"embeddable":true,"href":"https:\/\/konup.nastole.cz\/wp\/index.php?rest_route=%2Fwp%2Fv2%2Fcomments&post=579"}],"version-history":[{"count":17,"href":"https:\/\/konup.nastole.cz\/wp\/index.php?rest_route=\/wp\/v2\/pages\/579\/revisions"}],"predecessor-version":[{"id":703,"href":"https:\/\/konup.nastole.cz\/wp\/index.php?rest_route=\/wp\/v2\/pages\/579\/revisions\/703"}],"wp:attachment":[{"href":"https:\/\/konup.nastole.cz\/wp\/index.php?rest_route=%2Fwp%2Fv2%2Fmedia&parent=579"}],"curies":[{"name":"wp","href":"https:\/\/api.w.org\/{rel}","templated":true}]}}